{"id":42,"date":"2018-08-22T18:19:51","date_gmt":"2018-08-22T18:19:51","guid":{"rendered":"https:\/\/curacao.isgf-wh.org\/?page_id=42"},"modified":"2019-05-22T18:22:32","modified_gmt":"2019-05-22T18:22:32","slug":"links","status":"publish","type":"page","link":"https:\/\/curacao.isgf-wh.org\/?page_id=42","title":{"rendered":"LINKS"},"content":{"rendered":"<p style=\"text-align: justify;\"><strong>\"Copernicia\" - Asosiashon di Patfenderei di Adultos di Cura\u00e7ao<\/strong> supports and works in cooperation with various organizations at national and international level:<\/p>\n<p style=\"text-align: justify;\"><strong>ISGF - AISG:<\/strong> <a href=\"http:\/\/www.isgf.org\">www.isgf.org<\/a><\/p>\n<p style=\"text-align: justify;\"><img loading=\"lazy\" decoding=\"async\" class=\"alignleft wp-image-117\" src=\"https:\/\/curacao.isgf-wh.org\/wp-content\/uploads\/2018\/08\/ISGF-LOGO-1-150x150.png\" alt=\"\" width=\"118\" height=\"118\" srcset=\"https:\/\/curacao.isgf-wh.org\/wp-content\/uploads\/2018\/08\/ISGF-LOGO-1-150x150.png 150w, https:\/\/curacao.isgf-wh.org\/wp-content\/uploads\/2018\/08\/ISGF-LOGO-1.png 158w\" sizes=\"auto, (max-width: 118px) 100vw, 118px\" \/>The International Scout and Guide Fellowship (ISGF) is a global organization for adults in support of Scouting and Guiding and who wish to strengthen dialogue between communities through community-oriented projects around the world. ISGF was founded in 1953 with the backing of WOSM and WAGGGS, and has representation in 106 countries on five continents. It is open to both former members of the <a href=\"https:\/\/www.wagggs.org\/en\/\">World Association of Girl Guides and Girl Scouts (WAGGGS)<\/a> and the <a href=\"https:\/\/www.scout.org\/\">World Organization of the Scout Movement (WOSM)<\/a>, as well as to adults who did not have the opportunity to be Scouts or Guides when they were children.<\/p>\n<p style=\"text-align: justify;\"><strong>UNHCR:<\/strong> <a href=\"http:\/\/www.unhcr.org\/\">www.unhcr.org\/<\/a><\/p>\n<p style=\"text-align: justify;\"><img loading=\"lazy\" decoding=\"async\" class=\"alignleft size-thumbnail wp-image-119\" src=\"https:\/\/curacao.isgf-wh.org\/wp-content\/uploads\/2018\/08\/UNHCR-150x150.png\" alt=\"\" width=\"150\" height=\"150\" srcset=\"https:\/\/curacao.isgf-wh.org\/wp-content\/uploads\/2018\/08\/UNHCR-150x150.png 150w, https:\/\/curacao.isgf-wh.org\/wp-content\/uploads\/2018\/08\/UNHCR.png 151w\" sizes=\"auto, (max-width: 150px) 100vw, 150px\" \/>The United Nations High Commissioner for Refugees (UNHCR) and our global organization - ISGF-AISG - has for several years maintained a global cooperation agreement for the development of joint humanitarian projects in which \"Copernicia\" provides its full support to the extent of its possibilities.<\/p>\n<p style=\"text-align: justify;\"><a href=\"https:\/\/www.wagggs.org\/en\/our-world\/western-hemisphere\/member-organizations\/curacao\/\">Asosiashon di Guia PNA<\/a><\/p>\n<p style=\"text-align: justify;\"><img loading=\"lazy\" decoding=\"async\" class=\"alignleft wp-image-120\" src=\"https:\/\/curacao.isgf-wh.org\/wp-content\/uploads\/2018\/08\/AGPNA-150x150.jpg\" alt=\"\" width=\"141\" height=\"141\" \/>Asosiashon di Guia PNA is an institution dedicated more than 40 years in the country, to the integral development and promotion of the girl and the woman.The Asosiashon di Guia PNA , as a Member of the <a href=\"https:\/\/www.wagggs.org\/en\/\">World Association of Girl Guides and Girl Scouts (WAGGGS)<\/a> , aims to not only speak on behalf of girls and young women around the world, but also empower them to speak for themselves.<\/p>\n<p style=\"text-align: justify;\"><a href=\"https:\/\/www.facebook.com\/scoutingantiano\/\">Scouting Antiano<\/a><\/p>\n<p style=\"text-align: justify;\"><img loading=\"lazy\" decoding=\"async\" class=\"alignleft size-thumbnail wp-image-122\" src=\"https:\/\/curacao.isgf-wh.org\/wp-content\/uploads\/2018\/08\/1200px-Scouting_Antiano.svg_-150x150.png\" alt=\"\" width=\"150\" height=\"150\" srcset=\"https:\/\/curacao.isgf-wh.org\/wp-content\/uploads\/2018\/08\/1200px-Scouting_Antiano.svg_-150x150.png 150w, https:\/\/curacao.isgf-wh.org\/wp-content\/uploads\/2018\/08\/1200px-Scouting_Antiano.svg_-300x300.png 300w, https:\/\/curacao.isgf-wh.org\/wp-content\/uploads\/2018\/08\/1200px-Scouting_Antiano.svg_-768x764.png 768w, https:\/\/curacao.isgf-wh.org\/wp-content\/uploads\/2018\/08\/1200px-Scouting_Antiano.svg_-1024x1019.png 1024w, https:\/\/curacao.isgf-wh.org\/wp-content\/uploads\/2018\/08\/1200px-Scouting_Antiano.svg_-960x955.png 960w, https:\/\/curacao.isgf-wh.org\/wp-content\/uploads\/2018\/08\/1200px-Scouting_Antiano.svg_.png 1200w\" sizes=\"auto, (max-width: 150px) 100vw, 150px\" \/>Scouting Antiano is an educational organisation composed of girls, boys, young people and adults committed to the Scout lifestyle, their religion, the construction of peace, the defense of Human Rights, the self-affirmation of the human person, the care of interpersonal relationships and respect for the environment, proud to belong for the values \u200b\u200bthey share.<br \/>\nScouting Antiano\u00a0 works responsibly in the promotion for the development of the community, provoking social transformation through personal growth, and shared projects and spaces as a result of the fulfillment of the Mission.<br \/>\nRecognized for its prestige in educational action and its ability to learn by doing; that provides equal opportunities; with a proposal, inclusive, dynamic, participatory and attractive for children and young people, worthy of being supported by the community.<\/p>\n<p style=\"text-align: justify;\"><strong>AISG Espa\u00f1a - Federaci\u00f3n de Scouts y Gu\u00edas Adultos:<\/strong> <a href=\"http:\/\/www.aisg.es\">www.aisg.es<\/a><\/p>\n<p style=\"text-align: justify;\"><img loading=\"lazy\" decoding=\"async\" class=\"size-thumbnail wp-image-124 alignleft\" src=\"https:\/\/curacao.isgf-wh.org\/wp-content\/uploads\/2018\/08\/AISG-150x150.png\" alt=\"\" width=\"150\" height=\"150\" \/>AISG Espa\u00f1a is the official federation of Scouts and Adult Guides of Spain. It gathers more than 400 adults all over almost the entire national territory, and is currently working to organize the next 29th ISGF-ISGF World Conference to be held in Madrid in 2020. \"Copernicia\" and AISG Espa\u00f1a cooperate for the development of several strategic projects of training, growth and institutional promotion.<\/p>\n<p style=\"text-align: justify;\"><strong>The Cervantes Program:<\/strong> <a href=\"http:\/\/cervantes.aisg.es\/\">www.cervantes.aisg.es<\/a><\/p>\n<p style=\"text-align: justify;\"><img loading=\"lazy\" decoding=\"async\" class=\"alignleft size-thumbnail wp-image-125\" src=\"https:\/\/curacao.isgf-wh.org\/wp-content\/uploads\/2018\/08\/Logo-Programa-Cervantes-150x150.png\" alt=\"\" width=\"150\" height=\"150\" srcset=\"https:\/\/curacao.isgf-wh.org\/wp-content\/uploads\/2018\/08\/Logo-Programa-Cervantes-150x150.png 150w, https:\/\/curacao.isgf-wh.org\/wp-content\/uploads\/2018\/08\/Logo-Programa-Cervantes-300x298.png 300w, https:\/\/curacao.isgf-wh.org\/wp-content\/uploads\/2018\/08\/Logo-Programa-Cervantes.png 397w\" sizes=\"auto, (max-width: 150px) 100vw, 150px\" \/>The Cervantes Program is an international program of cooperation, development and promotion among Spanish-speaking Scouts and Adult Guides. Previously it was known as 'Cervantes Project', but given its growth and extension it has become a permanent program that carries out several projects simultaneously.<\/p>\n<p style=\"text-align: justify;\">The International Commission of the Federation of Scouts and Adult Guides of Spain (AISG Espa\u00f1a) coordinates this program, as well as its related projects and activities. This website had been developed with the support of the Cervantes Program.<\/p>\n<p style=\"text-align: justify;\"><strong>Fraternidad de Antiguos Scouts y Gu\u00edas Adultos de Uruguay (FASGU): <\/strong><a href=\"http:\/\/uruguay.scoutsadultos.org\">uruguay.scoutsadultos.org<\/a><\/p>\n<p style=\"text-align: justify;\"><img loading=\"lazy\" decoding=\"async\" class=\"alignleft wp-image-126\" src=\"https:\/\/curacao.isgf-wh.org\/wp-content\/uploads\/2018\/08\/FASGU-150x150.png\" alt=\"\" width=\"123\" height=\"123\" srcset=\"https:\/\/curacao.isgf-wh.org\/wp-content\/uploads\/2018\/08\/FASGU-150x150.png 150w, https:\/\/curacao.isgf-wh.org\/wp-content\/uploads\/2018\/08\/FASGU-300x300.png 300w, https:\/\/curacao.isgf-wh.org\/wp-content\/uploads\/2018\/08\/FASGU.png 344w\" sizes=\"auto, (max-width: 123px) 100vw, 123px\" \/>The Fraternity of Former Scouts and Guides of Uruguay has offers a space for adults who want to support Youth Scouting and Guiding, while at the same time working to encourage friendship and outdoor activities at through projects oriented to the community and service.<\/p>\n<p style=\"text-align: justify;\"><strong>Scouts y Gu\u00edas Adultos de Argentina, A.C. (SGAA):<\/strong> <a href=\"http:\/\/argentina.scoutsadultos.org\">argentina.scoutsadultos.org<\/a><\/p>\n<p style=\"text-align: justify;\"><img loading=\"lazy\" decoding=\"async\" class=\"alignleft wp-image-127 \" src=\"https:\/\/curacao.isgf-wh.org\/wp-content\/uploads\/2018\/08\/SGAA-Logo-300x221.png\" alt=\"\" width=\"209\" height=\"154\" srcset=\"https:\/\/curacao.isgf-wh.org\/wp-content\/uploads\/2018\/08\/SGAA-Logo-300x221.png 300w, https:\/\/curacao.isgf-wh.org\/wp-content\/uploads\/2018\/08\/SGAA-Logo.png 514w\" sizes=\"auto, (max-width: 209px) 100vw, 209px\" \/>Scouts y Gu\u00edas Gu\u00edas Adultos of Argentina, A.C. (Adult Scouts and Guides of Argentina) is a thriving organization for adults that supports Scouting and Guiding and works to encourage friendship and outdoor activities through community and service oriented projects.<\/p>\n<p style=\"text-align: justify;\"><strong>Vlamse Oud-Scouts en Oud Gidsen:<\/strong>\u00a0<a href=\"http:\/\/www.vosog.be\">www.vosog.be<\/a><\/p>\n<p style=\"text-align: justify;\"><img loading=\"lazy\" decoding=\"async\" class=\"alignleft size-thumbnail wp-image-132\" src=\"https:\/\/curacao.isgf-wh.org\/wp-content\/uploads\/2018\/08\/VOSOG-134x150.png\" alt=\"\" width=\"134\" height=\"150\" \/>Vlamse Oud-Scouts en Oud-Gidsen (VOSOG) is the Dutch-speaking Belgian association for former Scouts and Guides. Members of the Belgian Federation of Former Scouts and Guides. VOSOG and \"Copernicia\" have a long-standing friendship through participating in international gatherings and conferences.<\/p>\n<p style=\"text-align: justify;\">\n","protected":false},"excerpt":{"rendered":"<p>\"Copernicia\" - Asosiashon di Patfenderei di Adultos di Cura\u00e7ao supports and works in cooperation with various organizations at national and international level: ISGF - AISG: www.isgf.org The International Scout and Guide Fellowship (ISGF) is a global organization for adults in support of Scouting and Guiding and who wish to strengthen dialogue between communities through community-oriented <a href=\"https:\/\/curacao.isgf-wh.org\/?page_id=42\" class=\"more-link\">...continue reading<span class=\"screen-reader-text\"> \"LINKS\"<\/span><\/a><\/p>\n","protected":false},"author":2,"featured_media":0,"parent":0,"menu_order":8,"comment_status":"closed","ping_status":"closed","template":"","meta":{"footnotes":""},"class_list":["post-42","page","type-page","status-publish","h-entry","hentry","h-as-page"],"_links":{"self":[{"href":"https:\/\/curacao.isgf-wh.org\/index.php?rest_route=\/wp\/v2\/pages\/42","targetHints":{"allow":["GET"]}}],"collection":[{"href":"https:\/\/curacao.isgf-wh.org\/index.php?rest_route=\/wp\/v2\/pages"}],"about":[{"href":"https:\/\/curacao.isgf-wh.org\/index.php?rest_route=\/wp\/v2\/types\/page"}],"author":[{"embeddable":true,"href":"https:\/\/curacao.isgf-wh.org\/index.php?rest_route=\/wp\/v2\/users\/2"}],"replies":[{"embeddable":true,"href":"https:\/\/curacao.isgf-wh.org\/index.php?rest_route=%2Fwp%2Fv2%2Fcomments&post=42"}],"version-history":[{"count":15,"href":"https:\/\/curacao.isgf-wh.org\/index.php?rest_route=\/wp\/v2\/pages\/42\/revisions"}],"predecessor-version":[{"id":277,"href":"https:\/\/curacao.isgf-wh.org\/index.php?rest_route=\/wp\/v2\/pages\/42\/revisions\/277"}],"wp:attachment":[{"href":"https:\/\/curacao.isgf-wh.org\/index.php?rest_route=%2Fwp%2Fv2%2Fmedia&parent=42"}],"curies":[{"name":"wp","href":"https:\/\/api.w.org\/{rel}","templated":true}]}}